{"id":14,"date":"2021-09-13T11:32:13","date_gmt":"2021-09-13T02:32:13","guid":{"rendered":"http:\/\/hin.minoh.osaka-u.ac.jp\/?page_id=14"},"modified":"2024-06-16T18:43:52","modified_gmt":"2024-06-16T09:43:52","slug":"homepage","status":"publish","type":"page","link":"http:\/\/hin.minoh.osaka-u.ac.jp\/","title":{"rendered":"New Release"},"content":{"rendered":"\n<pre class=\"wp-block-code\"><code>New Release<\/code><\/pre>\n\n\n\n<p>TRIVE\u1e46\u012a: Texts of Three Literary Traditions in Early Modern Languages of North India: A Reader<\/p>\n\n\n\n<figure class=\"wp-block-image size-medium\"><img loading=\"lazy\" decoding=\"async\" width=\"207\" height=\"300\" src=\"http:\/\/hin.minoh.osaka-u.ac.jp\/wp-content\/uploads\/2024\/06\/IMG_1985_1-207x300.jpg\" alt=\"\" class=\"wp-image-384\" srcset=\"http:\/\/hin.minoh.osaka-u.ac.jp\/wp-content\/uploads\/2024\/06\/IMG_1985_1-207x300.jpg 207w, http:\/\/hin.minoh.osaka-u.ac.jp\/wp-content\/uploads\/2024\/06\/IMG_1985_1-706x1024.jpg 706w, http:\/\/hin.minoh.osaka-u.ac.jp\/wp-content\/uploads\/2024\/06\/IMG_1985_1-768x1114.jpg 768w, http:\/\/hin.minoh.osaka-u.ac.jp\/wp-content\/uploads\/2024\/06\/IMG_1985_1-1059x1536.jpg 1059w, http:\/\/hin.minoh.osaka-u.ac.jp\/wp-content\/uploads\/2024\/06\/IMG_1985_1-1411x2048.jpg 1411w, http:\/\/hin.minoh.osaka-u.ac.jp\/wp-content\/uploads\/2024\/06\/IMG_1985_1-1568x2275.jpg 1568w, http:\/\/hin.minoh.osaka-u.ac.jp\/wp-content\/uploads\/2024\/06\/IMG_1985_1-scaled.jpg 1764w\" sizes=\"auto, (max-width: 207px) 100vw, 207px\" \/><\/figure>\n\n\n\n<p>Now Open Access!<\/p>\n\n\n\n<p>Whole pages: <a href=\"https:\/\/ir.library.osaka-u.ac.jp\/repo\/ouka\/all\/94758\/?lang=1&amp;fbclid=IwZXh0bgNhZW0CMTAAAR3IcXqpPCzkauF4kmGiNpQOKmwTZr-oHvVBI04oAVe_gYgZILeskaywAOQ_aem_g9m9MW-d8NUU0WyhpV0YGQ\" rel=\"noreferrer noopener\" target=\"_blank\">https:\/\/ir.library.osaka-u.ac.jp\/repo\/ouka\/all\/94758\/?lang=1<\/a><\/p>\n\n\n\n<p>&#8220;J\u0101yas\u012b\u2019s Padm\u0101vat&#8221; by Hiroko Nagasaki: <a href=\"https:\/\/ir.library.osaka-u.ac.jp\/repo\/ouka\/all\/94759\/?lang=1&amp;fbclid=IwZXh0bgNhZW0CMTAAAR0ZXsxV1wSrbFr5TDfOxtV1iXV57mTFOHHb5TP_JHl_KgxZvE2PyBqR9X4_aem_hT8fYGk9NYhn6KiYdnDGBw\" rel=\"noreferrer noopener\" target=\"_blank\">https:\/\/ir.library.osaka-u.ac.jp\/repo\/ouka\/all\/94759\/?lang=1<\/a><\/p>\n\n\n\n<p>&#8220;Kab\u012br\u2019s Pads&#8221; by Jaroslav Strnad: <a href=\"https:\/\/ir.library.osaka-u.ac.jp\/repo\/ouka\/all\/94760\/?lang=1&amp;fbclid=IwZXh0bgNhZW0CMTAAAR0fJowMEM4eZWVVrxiIbhmUuY8CXifRKWIAYLfK2kPiHSPBeXK45rbhhSQ_aem_G3L1G1V_ZvptrdQ5Bof5bQ\" rel=\"noreferrer noopener\" target=\"_blank\">https:\/\/ir.library.osaka-u.ac.jp\/repo\/ouka\/all\/94760\/?lang=1<\/a><\/p>\n\n\n\n<p>&#8220;Pr\u0325thv\u012br\u0101j R\u0101\u1e6dhau\u1e5b\u2019s Veli&#8221; by Aleksandra Turek: <a href=\"https:\/\/ir.library.osaka-u.ac.jp\/repo\/ouka\/all\/94761\/?lang=1&amp;fbclid=IwZXh0bgNhZW0CMTAAAR1zLYxtgut8vx4FytcjDtZvRJ72ojbeTirMcsvVeR9ix6xYjEqqpXfgSmw_aem_AbB5on2Os5rDcqXRsAZw4w\" rel=\"noreferrer noopener\" target=\"_blank\">https:\/\/ir.library.osaka-u.ac.jp\/repo\/ouka\/all\/94761\/?lang=1<\/a><\/p>\n\n\n\n<p><\/p>\n","protected":false},"excerpt":{"rendered":"<p>TRIVE\u1e46\u012a: Texts of Three Literary Traditions in Early Modern Languages of North India: A Reader Now Open Access&hellip; <a class=\"more-link\" href=\"http:\/\/hin.minoh.osaka-u.ac.jp\/\">\u7d9a\u304d\u3092\u8aad\u3080 <span class=\"screen-reader-text\">New Release<\/span><\/a><\/p>\n","protected":false},"author":1,"featured_media":138,"parent":0,"menu_order":0,"comment_status":"closed","ping_status":"closed","template":"","meta":{"footnotes":""},"class_list":["post-14","page","type-page","status-publish","has-post-thumbnail","hentry","entry"],"_links":{"self":[{"href":"http:\/\/hin.minoh.osaka-u.ac.jp\/index.php\/wp-json\/wp\/v2\/pages\/14","targetHints":{"allow":["GET"]}}],"collection":[{"href":"http:\/\/hin.minoh.osaka-u.ac.jp\/index.php\/wp-json\/wp\/v2\/pages"}],"about":[{"href":"http:\/\/hin.minoh.osaka-u.ac.jp\/index.php\/wp-json\/wp\/v2\/types\/page"}],"author":[{"embeddable":true,"href":"http:\/\/hin.minoh.osaka-u.ac.jp\/index.php\/wp-json\/wp\/v2\/users\/1"}],"replies":[{"embeddable":true,"href":"http:\/\/hin.minoh.osaka-u.ac.jp\/index.php\/wp-json\/wp\/v2\/comments?post=14"}],"version-history":[{"count":18,"href":"http:\/\/hin.minoh.osaka-u.ac.jp\/index.php\/wp-json\/wp\/v2\/pages\/14\/revisions"}],"predecessor-version":[{"id":387,"href":"http:\/\/hin.minoh.osaka-u.ac.jp\/index.php\/wp-json\/wp\/v2\/pages\/14\/revisions\/387"}],"wp:featuredmedia":[{"embeddable":true,"href":"http:\/\/hin.minoh.osaka-u.ac.jp\/index.php\/wp-json\/wp\/v2\/media\/138"}],"wp:attachment":[{"href":"http:\/\/hin.minoh.osaka-u.ac.jp\/index.php\/wp-json\/wp\/v2\/media?parent=14"}],"curies":[{"name":"wp","href":"https:\/\/api.w.org\/{rel}","templated":true}]}}